{"id":1687,"date":"2023-10-17T14:18:43","date_gmt":"2023-10-17T12:18:43","guid":{"rendered":"https:\/\/mfproducts.demediagraaf.dev\/?page_id=1687"},"modified":"2023-10-17T14:18:43","modified_gmt":"2023-10-17T12:18:43","slug":"datenschutzrichtlinie","status":"publish","type":"page","link":"https:\/\/mfproducts.demediagraaf.dev\/de\/datenschutzrichtlinie\/","title":{"rendered":"Datenschutzrichtlinie"},"content":{"rendered":"<div class=\"fusion-fullwidth fullwidth-box fusion-builder-row-1 fusion-flex-container has-pattern-background has-mask-background nonhundred-percent-fullwidth non-hundred-percent-height-scrolling\" style=\"--awb-border-radius-top-left:0px;--awb-border-radius-top-right:0px;--awb-border-radius-bottom-right:0px;--awb-border-radius-bottom-left:0px;--awb-margin-top:40px;--awb-margin-bottom:40px;--awb-flex-wrap:wrap;\" ><div class=\"fusion-builder-row fusion-row fusion-flex-align-items-flex-start fusion-flex-content-wrap\" style=\"max-width:1144px;margin-left: calc(-4% \/ 2 );margin-right: calc(-4% \/ 2 );\"><div class=\"fusion-layout-column fusion_builder_column fusion-builder-column-0 fusion_builder_column_1_1 1_1 fusion-flex-column\" style=\"--awb-padding-right:15%;--awb-padding-left:15%;--awb-padding-right-medium:4%;--awb-padding-left-medium:4%;--awb-bg-size:cover;--awb-width-large:100%;--awb-margin-top-large:0px;--awb-spacing-right-large:1.92%;--awb-margin-bottom-large:0px;--awb-spacing-left-large:1.92%;--awb-width-medium:100%;--awb-order-medium:0;--awb-spacing-right-medium:1.92%;--awb-spacing-left-medium:1.92%;--awb-width-small:100%;--awb-order-small:0;--awb-spacing-right-small:1.92%;--awb-spacing-left-small:1.92%;\" data-scroll-devices=\"small-visibility,medium-visibility,large-visibility\"><div class=\"fusion-column-wrapper fusion-column-has-shadow fusion-flex-justify-content-flex-start fusion-content-layout-column\"><div class=\"fusion-text fusion-text-1\"><h3 class=\"wp-block-heading\">Wie sind<\/h3>\n<p>Unsere Website-Adresse lautet: <a href=\"http:\/\/mfproducts.demediagraaf.dev\/\" target=\"_new\" rel=\"noopener\">http:\/\/mfproducts.demediagraaf.dev<\/a>.<\/p>\n<h3 class=\"wp-block-heading\">Kommentare<\/h3>\n<p>Wenn Besucher Kommentare auf der Website hinterlassen, sammeln wir die im Kommentarformular angezeigten Daten, die IP-Adresse des Besuchers und den Browser User Agent, um bei der Erkennung von Spam zu helfen.<\/p>\n<p>Eine anonymisierte Zeichenfolge, die auf der Grundlage Ihrer E-Mail-Adresse erstellt wird (auch als Hash bezeichnet), kann an den Gravatar-Dienst gesendet werden, wenn Sie diesen verwenden. Die Datenschutzrichtlinie der Gravatar-Dienst finden Sie hier: <a href=\"http:\/\/automattic.com\/privacy\/\" target=\"_new\" rel=\"noopener\">http:\/\/automattic.com\/privacy\/<\/a>. Nachdem Ihr Kommentar genehmigt wurde, ist Ihr Profilbild \u00f6ffentlich im Zusammenhang mit Ihrem Kommentar sichtbar.<\/p>\n<h3 class=\"wp-block-heading\">Medien<\/h3>\n<p>Wenn Sie ein registrierter Benutzer sind und Bilder auf die Website hochladen, sollten Sie vermeiden, Bilder hochzuladen, die EXIF-GPS-Standortdaten enthalten. Website-Besucher k\u00f6nnen Bil<\/p>\n<p>Wenn Sie einen Kommentar auf unserer Website hinterlassen, k\u00f6nnen Sie ausw\u00e4hlen, ob Ihr Name, Ihre E-Mail-Adresse und Ihre Website in einem Cookie gespeichert werden d\u00fcrfen. Dies geschieht zu Ihrem Komfort, damit Sie diese Informationen bei einem neuen Kommentar nicht erneut eingeben m\u00fcssen. Diese Cookies sind ein Jahr lang g\u00fcltig.<\/p>\n<p>Wenn Sie unsere Anmeldeseite besuchen, speichern wir ein tempor\u00e4res Cookie, um zu \u00fcberpr\u00fcfen, ob Ihr Browser Cookies akzeptiert. Dieses Cookie enth\u00e4lt keine pers\u00f6nlichen Daten und wird gel\u00f6scht, wenn Sie Ihren Browser schlie\u00dfen.<\/p>\n<p>Sobald Sie sich anmelden, speichern wir einige Cookies im Zusammenhang mit Ihren Anmeldeinformationen und den Anzeigeoptionen des Bildschirms. Anmelde-Cookies sind 2 Tage lang g\u00fcltig, und Cookies f\u00fcr Bildschirmoptionen 1 Jahr. Wenn Sie &#8220;Mich erinnern&#8221; ausw\u00e4hlen, wird Ihre Anmeldung zwei Wochen lang aufrechterhalten. Sobald Sie sich von Ihrem Konto abmelden, werden Anmelde-Cookies gel\u00f6scht.<\/p>\n<p>Wenn Sie einen Beitrag bearbeiten oder ver\u00f6ffentlichen, wird ein zus\u00e4tzliches Cookie in Ihrem Browser gespeichert. Dieses Cookie enth\u00e4lt keine pers\u00f6nlichen Daten und verweist nur auf die Post-ID des Artikels, den Sie bearbeitet haben. Dieses Cookie l\u00e4uft nach einem Tag ab.<\/p>\n<h3 class=\"wp-block-heading\">Eingebetteter Inhalt von anderen Websites<\/h3>\n<p>Beitr\u00e4ge auf dieser Website k\u00f6nnen eingebetteten Inhalt enthalten (z. B. Videos, Bilder, Beitr\u00e4ge usw.). Eingebetteter Inhalt von anderen Websites verh\u00e4lt sich genauso, als ob der Besucher diese andere Website besucht h\u00e4tte.<\/p>\n<p>Diese Websites k\u00f6nnen Informationen \u00fcber Sie sammeln, Cookies verwenden, zus\u00e4tzliche Tracking von Drittanbietern einbetten und Ihre Interaktion mit diesem eingebetteten Inhalt \u00fcberwachen, einschlie\u00dflich der Erfassung Ihrer Interaktion mit dem eingebetteten Inhalt, wenn Sie ein Konto haben und auf dieser Website angemeldet sind.<\/p>\n<h3 class=\"wp-block-heading\">Mit wem wir Ihre Daten teilen<\/h3>\n<p>Wenn Sie eine Passwortr\u00fccksetzung anfordern, wird Ihre IP-Adresse in der R\u00fccksetzungs-E-Mail aufgezeichnet.<\/p>\n<h3 class=\"wp-block-heading\">Wie lange wir Ihre Daten speichern<\/h3>\n<p>Wenn Sie einen Kommentar hinterlassen, wird dieser Kommentar und seine Metadaten auf unbestimmte Zeit gespeichert. Auf diese Weise k\u00f6nnen wir Folgekommentare automatisch erkennen und genehmigen, anstelle sie in einer Moderationswarteschlange halten zu m\u00fcssen.<\/p>\n<p>F\u00fcr Benutzer, die sich auf unserer Website registrieren (falls vorhanden), speichern wir auch die pers\u00f6nlichen Informationen, die sie in ihrem Benutzerprofil angeben. Alle Benutzer k\u00f6nnen ihre pers\u00f6nlichen Informationen jederzeit anzeigen, bearbeiten oder l\u00f6schen (au\u00dfer sie k\u00f6nnen ihren Benutzernamen nicht \u00e4ndern). Website-Administratoren k\u00f6nnen diese Informationen ebenfalls anzeigen und bearbeiten.<\/p>\n<h3 class=\"wp-block-heading\">Welche Rechte Sie an Ihren Daten haben<\/h3>\n<p>Wenn Sie ein Konto auf dieser Website haben oder Kommentare hinterlassen haben, k\u00f6nnen Sie einen Export Ihrer pers\u00f6nlichen Daten anfordern, die wir \u00fcber Sie gespeichert haben, einschlie\u00dflich aller Daten, die Sie uns zur Verf\u00fcgung gestellt haben. Sie k\u00f6nnen auch verlangen, dass wir alle pers\u00f6nlichen Daten, die wir \u00fcber Sie gespeichert haben, l\u00f6schen. Dies umfasst keine Daten, die wir aus administrativen, rechtlichen oder sicherheitsrelevanten Gr\u00fcnden aufbewahren m\u00fcssen.<\/p>\n<h3 class=\"wp-block-heading\">Wohin wir Ihre Daten senden<\/h3>\n<p>Besucher-Kommentare k\u00f6nnten durch einen automatisierten Spam-Erkennungsdienst \u00fcberpr\u00fcft werden.<\/p>\n<\/div><\/div><\/div><\/div><\/div>","protected":false},"excerpt":{"rendered":"","protected":false},"author":5,"featured_media":0,"parent":0,"menu_order":0,"comment_status":"closed","ping_status":"open","template":"","meta":{"footnotes":""},"class_list":["post-1687","page","type-page","status-publish","hentry"],"_links":{"self":[{"href":"https:\/\/mfproducts.demediagraaf.dev\/de\/wp-json\/wp\/v2\/pages\/1687","targetHints":{"allow":["GET"]}}],"collection":[{"href":"https:\/\/mfproducts.demediagraaf.dev\/de\/wp-json\/wp\/v2\/pages"}],"about":[{"href":"https:\/\/mfproducts.demediagraaf.dev\/de\/wp-json\/wp\/v2\/types\/page"}],"author":[{"embeddable":true,"href":"https:\/\/mfproducts.demediagraaf.dev\/de\/wp-json\/wp\/v2\/users\/5"}],"replies":[{"embeddable":true,"href":"https:\/\/mfproducts.demediagraaf.dev\/de\/wp-json\/wp\/v2\/comments?post=1687"}],"version-history":[{"count":0,"href":"https:\/\/mfproducts.demediagraaf.dev\/de\/wp-json\/wp\/v2\/pages\/1687\/revisions"}],"wp:attachment":[{"href":"https:\/\/mfproducts.demediagraaf.dev\/de\/wp-json\/wp\/v2\/media?parent=1687"}],"curies":[{"name":"wp","href":"https:\/\/api.w.org\/{rel}","templated":true}]}}