{"id":1839,"date":"2023-10-26T15:54:19","date_gmt":"2023-10-26T13:54:19","guid":{"rendered":"https:\/\/mfproducts.demediagraaf.dev\/?page_id=1839"},"modified":"2023-10-26T15:54:19","modified_gmt":"2023-10-26T13:54:19","slug":"declaration-de-confidentialite","status":"publish","type":"page","link":"https:\/\/mfproducts.demediagraaf.dev\/fr\/declaration-de-confidentialite\/","title":{"rendered":"D\u00e9claration de confidentialit\u00e9"},"content":{"rendered":"<div class=\"fusion-fullwidth fullwidth-box fusion-builder-row-1 fusion-flex-container has-pattern-background has-mask-background nonhundred-percent-fullwidth non-hundred-percent-height-scrolling\" style=\"--awb-border-radius-top-left:0px;--awb-border-radius-top-right:0px;--awb-border-radius-bottom-right:0px;--awb-border-radius-bottom-left:0px;--awb-margin-top:40px;--awb-margin-bottom:40px;--awb-flex-wrap:wrap;\" ><div class=\"fusion-builder-row fusion-row fusion-flex-align-items-flex-start fusion-flex-content-wrap\" style=\"max-width:1144px;margin-left: calc(-4% \/ 2 );margin-right: calc(-4% \/ 2 );\"><div class=\"fusion-layout-column fusion_builder_column fusion-builder-column-0 fusion_builder_column_1_1 1_1 fusion-flex-column\" style=\"--awb-padding-right:15%;--awb-padding-left:15%;--awb-padding-right-medium:4%;--awb-padding-left-medium:4%;--awb-bg-size:cover;--awb-width-large:100%;--awb-margin-top-large:0px;--awb-spacing-right-large:1.92%;--awb-margin-bottom-large:0px;--awb-spacing-left-large:1.92%;--awb-width-medium:100%;--awb-order-medium:0;--awb-spacing-right-medium:1.92%;--awb-spacing-left-medium:1.92%;--awb-width-small:100%;--awb-order-small:0;--awb-spacing-right-small:1.92%;--awb-spacing-left-small:1.92%;\" data-scroll-devices=\"small-visibility,medium-visibility,large-visibility\"><div class=\"fusion-column-wrapper fusion-column-has-shadow fusion-flex-justify-content-flex-start fusion-content-layout-column\"><div class=\"fusion-text fusion-text-1\"><\/p>\n<h3 class=\"wp-block-heading\">Qui sommes-nous<\/h3>\n<\/p>\n<p>Notre adresse de site est : <a href=\"http:\/\/mfproducts.demediagraaf.dev\/\" target=\"_new\" rel=\"noopener\">http:\/\/mfproducts.demediagraaf.dev<\/a>.<\/p>\n<\/p>\n<h3 class=\"wp-block-heading\">Commentaires<\/h3>\n<\/p>\n<p>Lorsque les visiteurs laissent des commentaires sur le site, nous recueillons les donn\u00e9es affich\u00e9es dans le formulaire de commentaire, l&#8217;adresse IP du visiteur et l&#8217;agent utilisateur du navigateur pour aider \u00e0 d\u00e9tecter les spams.<\/p>\n<p>Une cha\u00eene anonymis\u00e9e, cr\u00e9\u00e9e \u00e0 partir de votre adresse e-mail (appel\u00e9e aussi hachage), peut \u00eatre envoy\u00e9e au service Gravatar si vous l&#8217;utilisez. La page de politique de confidentialit\u00e9 du service Gravatar peut \u00eatre consult\u00e9e ici : <a href=\"http:\/\/automattic.com\/privacy\/\" target=\"_new\" rel=\"noopener\">http:\/\/automattic.com\/privacy\/<\/a>. Une fois que votre commentaire est approuv\u00e9, votre photo de profil est visible publiquement dans le contexte de votre commentaire.<\/p>\n<\/p>\n<h3 class=\"wp-block-heading\">M\u00e9dia<\/h3>\n<\/p>\n<p>Si vous \u00eates un utilisateur enregistr\u00e9 et que vous t\u00e9l\u00e9chargez des images sur le site, veillez \u00e0 \u00e9viter de t\u00e9l\u00e9charger des images contenant des donn\u00e9es de localisation GPS EXIF. Les visiteurs du site peuvent t\u00e9l\u00e9charger les images du site et acc\u00e9der aux donn\u00e9es de localisation.<\/p>\n<\/p>\n<h3 class=\"wp-block-heading\">Cookies<\/h3>\n<\/p>\n<p>Lorsque vous laissez un commentaire sur notre site, vous pouvez indiquer si vous souhaitez que votre nom, votre adresse e-mail et votre site soient enregistr\u00e9s dans un cookie. Nous faisons cela pour votre commodit\u00e9 afin que vous n&#8217;ayez pas \u00e0 ressaisir ces informations \u00e0 chaque nouveau commentaire. Ces cookies sont valables pendant un an.<\/p>\n<p>Lorsque vous visitez notre page de connexion, nous stockons un cookie temporaire pour v\u00e9rifier si votre navigateur accepte les cookies. Ce cookie ne contient aucune donn\u00e9e personnelle et est supprim\u00e9 d\u00e8s que vous fermez votre navigateur.<\/p>\n<p>Lorsque vous vous connectez, nous conservons quelques cookies li\u00e9s \u00e0 vos informations de connexion et \u00e0 vos pr\u00e9f\u00e9rences d&#8217;affichage. Les cookies de connexion sont valables pendant 2 jours et les cookies de pr\u00e9f\u00e9rences d&#8217;affichage pendant 1 an. Si vous s\u00e9lectionnez l&#8217;option &#8220;Se souvenir de moi&#8221;, votre connexion sera conserv\u00e9e pendant 2 semaines. Une fois que vous vous d\u00e9connectez de votre compte, les cookies de connexion sont supprim\u00e9s.<\/p>\n<p>Lorsque vous modifiez ou publiez un article, un cookie suppl\u00e9mentaire est enregistr\u00e9 par votre navigateur. Ce cookie ne contient aucune donn\u00e9e personnelle et ne contient que l&#8217;identifiant de l&#8217;article que vous avez modifi\u00e9. Ce cookie expire apr\u00e8s un jour.<\/p>\n<\/p>\n<h3 class=\"wp-block-heading\">Contenu incorpor\u00e9 depuis d&#8217;autres sites<\/h3>\n<\/p>\n<p>Les articles de ce site peuvent contenir du contenu incorpor\u00e9 (comme des vid\u00e9os, des images, des messages, etc.). Le contenu incorpor\u00e9 en provenance d&#8217;autres sites se comporte de la m\u00eame mani\u00e8re que si le visiteur avait visit\u00e9 ce site externe.<\/p>\n<p>Ces sites peuvent collecter des donn\u00e9es vous concernant, utiliser des cookies, incorporer un suivi suppl\u00e9mentaire par des tiers et surveiller votre interaction avec ce contenu incorpor\u00e9, y compris en enregistrant l&#8217;interaction avec le contenu incorpor\u00e9 si vous avez un compte et que vous \u00eates connect\u00e9 \u00e0 ce site.<\/p>\n<\/p>\n<h3 class=\"wp-block-heading\">Partage de vos donn\u00e9es<\/h3>\n<\/p>\n<p>Lorsque vous demandez une r\u00e9initialisation de mot de passe, votre adresse IP est incluse dans l&#8217;e-mail de r\u00e9initialisation.<\/p>\n<\/p>\n<h3 class=\"wp-block-heading\">Dur\u00e9e de conservation de vos donn\u00e9es<\/h3>\n<p>Lorsque vous laissez un commentaire, ce commentaire et ses m\u00e9tadonn\u00e9es sont conserv\u00e9s ind\u00e9finiment. Cela permet de reconna\u00eetre et d&#8217;approuver automatiquement les commentaires ult\u00e9rieurs au lieu de devoir les mod\u00e9rer.<\/p>\n<p>Pour les utilisateurs qui s&#8217;inscrivent sur notre site (le cas \u00e9ch\u00e9ant), nous stockons \u00e9galement les informations personnelles qu&#8217;ils fournissent dans leur profil utilisateur. Tous les utilisateurs peuvent afficher, modifier ou supprimer leurs informations personnelles \u00e0 tout moment (\u00e0 l&#8217;exception de leur nom d&#8217;utilisateur, qu&#8217;ils ne peuvent pas modifier). Les administrateurs du site peuvent \u00e9galement consulter et modifier ces informations.<\/p>\n<\/p>\n<h3 class=\"wp-block-heading\">Quels sont vos droits sur vos donn\u00e9es<\/h3>\n<p>Si vous avez un compte sur ce site ou si vous avez laiss\u00e9 des commentaires, vous pouvez demander \u00e0 recevoir un fichier d&#8217;exportation de vos donn\u00e9es personnelles que nous d\u00e9tenons, y compris toutes les donn\u00e9es que vous nous avez fournies. Vous pouvez \u00e9galement demander que nous effacions toutes les donn\u00e9es personnelles que nous d\u00e9tenons \u00e0 votre sujet. Cela n&#8217;inclut pas les donn\u00e9es que nous sommes tenus de conserver \u00e0 des fins administratives, l\u00e9gales ou de s\u00e9curit\u00e9.<\/p>\n<\/p>\n<h3 class=\"wp-block-heading\">O\u00f9 nous envoyons vos donn\u00e9es<\/h3>\n<p>Les commentaires des visiteurs peuvent \u00eatre v\u00e9rifi\u00e9s via un service de d\u00e9tection automatis\u00e9e des spams.<\/p><\/p>\n<\/div><\/div><\/div><\/div><\/div>","protected":false},"excerpt":{"rendered":"","protected":false},"author":5,"featured_media":0,"parent":0,"menu_order":0,"comment_status":"closed","ping_status":"open","template":"","meta":{"footnotes":""},"class_list":["post-1839","page","type-page","status-publish","hentry"],"_links":{"self":[{"href":"https:\/\/mfproducts.demediagraaf.dev\/fr\/wp-json\/wp\/v2\/pages\/1839","targetHints":{"allow":["GET"]}}],"collection":[{"href":"https:\/\/mfproducts.demediagraaf.dev\/fr\/wp-json\/wp\/v2\/pages"}],"about":[{"href":"https:\/\/mfproducts.demediagraaf.dev\/fr\/wp-json\/wp\/v2\/types\/page"}],"author":[{"embeddable":true,"href":"https:\/\/mfproducts.demediagraaf.dev\/fr\/wp-json\/wp\/v2\/users\/5"}],"replies":[{"embeddable":true,"href":"https:\/\/mfproducts.demediagraaf.dev\/fr\/wp-json\/wp\/v2\/comments?post=1839"}],"version-history":[{"count":0,"href":"https:\/\/mfproducts.demediagraaf.dev\/fr\/wp-json\/wp\/v2\/pages\/1839\/revisions"}],"wp:attachment":[{"href":"https:\/\/mfproducts.demediagraaf.dev\/fr\/wp-json\/wp\/v2\/media?parent=1839"}],"curies":[{"name":"wp","href":"https:\/\/api.w.org\/{rel}","templated":true}]}}